{"id":16567,"date":"2014-03-19T09:24:31","date_gmt":"2014-03-19T09:24:31","guid":{"rendered":"http:\/\/byromeo.nl\/contact\/"},"modified":"2021-06-25T12:49:18","modified_gmt":"2021-06-25T12:49:18","slug":"contact","status":"publish","type":"page","link":"https:\/\/byromeo.nl\/de\/contact\/","title":{"rendered":"Kontakt"},"content":{"rendered":"<p>[vc_row top_padding=&#8220;60&#8243;][vc_column width=&#8220;1\/1&#8243;]<h1 class=\"headline font-inherit fontsize-xxl fontweight-inherit lh-inherit align-left transform-uppercase \" style=\"margin: 0 0 20px 0; color: #3e7776;\">Kontakt<\/h1><div class=\"newdivider align-left\" style=\"border-bottom-style: solid; border-color: #3e7776; border-bottom-width: 3px; margin-top: 0; margin-bottom: 0; width: 25px; \"><\/div><div class=\"clear\"><\/div>[\/vc_column][\/vc_row][vc_row bg_color=&#8220;#ffffff&#8220; section_arrow=&#8220;false&#8220; top_padding=&#8220;60&#8243; bottom_padding=&#8220;60&#8243; bg_position=&#8220;left top&#8220;][vc_column width=&#8220;1\/3&#8243;]<h3 class=\"headline font-special fontsize-m fontweight-700 lh-inherit align-left transform-uppercase \" style=\"margin: 0 0 20px 0;\">Kontaktdetails<\/h3>[vc_column_text]<strong>byRomeo<\/strong><br \/>\nHandelskade 1a<br \/>\n5211 TH \u2018s-Hertogenbosch<br \/>\nThe Netherlands[\/vc_column_text]<div class=\"spacer\" style=\"height: 20px;\"><\/div><h3 class=\"headline font-special fontsize-m fontweight-700 lh-inherit align-left transform-uppercase \" style=\"margin: 0 0 20px 0;\">Folgen Sie Romeo Sommers<\/h3>[vc_column_text]<div class=\"social-icon social-big\"><a href=\"http:\/\/linkedin.com\/in\/romeo-sommers-1b6b077\" target=\"_blank\" title=\"\"><i class=\"fa fa-linkedin\"><\/i><\/a><\/div>\u00a0<div class=\"social-icon social-big\"><a href=\"http:\/\/twitter.com\/romeosommers\" target=\"_blank\" title=\"\"><i class=\"fa fa-twitter\"><\/i><\/a><\/div>\u00a0<div class=\"social-icon social-big\"><a href=\"http:\/\/facebook.com\/romeosommers\" target=\"_blank\" title=\"\"><i class=\"fa fa-facebook\"><\/i><\/a><\/div>\u00a0<div class=\"social-icon social-big\"><a href=\"https:\/\/www.youtube.com\/channel\/UC78jJ6Td2Q0GllHTHTTD2hQ\" target=\"_blank\" title=\"\"><i class=\"fa fa-youtube\"><\/i><\/a><\/div><div class=\"social-icon social-big\"><a href=\"https:\/\/www.instagram.com\/romeosommers\/\" target=\"_blank\" title=\"\"><i class=\"fa fa-instagram\"><\/i><\/a><\/div>[\/vc_column_text][\/vc_column][vc_column width=&#8220;2\/3&#8243;]<h3 class=\"headline font-special fontsize-m fontweight-700 lh-inherit align-left transform-uppercase \" style=\"margin: 0 0 20px 0;\">Wir treten gerne met Ihnen in kontakt<br \/>\n<\/h3>[vc_column_text]<span style=\"font-weight: 400;\">Sie sind begeistert und m\u00f6chten mehr Informationen, haben eine Frage oder eine Anmerkung?\u00a0 Oder m\u00f6chten Romeo f\u00fcr eine Pr\u00e4sentation, einen Workshop oder einen Trendvortrag buchen? Dann w\u00fcrden wir uns freuen, von Ihnen zu h\u00f6ren. Sie k\u00f6nnen uns direkt \u00fcber das Kontaktformular erreichen<\/span>.[\/vc_column_text]<div role=\"form\" class=\"wpcf7\" id=\"wpcf7-f16703-o1\" lang=\"en-US\" dir=\"ltr\">\n<div class=\"screen-reader-response\"><p role=\"status\" aria-live=\"polite\" aria-atomic=\"true\"><\/p> <ul><\/ul><\/div>\n<form action=\"\/de\/wp-json\/wp\/v2\/pages\/16567#wpcf7-f16703-o1\" method=\"post\" class=\"wpcf7-form init\" novalidate=\"novalidate\" data-status=\"init\">\n<div style=\"display: none;\">\n<input type=\"hidden\" name=\"_wpcf7\" value=\"16703\" \/>\n<input type=\"hidden\" name=\"_wpcf7_version\" value=\"5.4.1\" \/>\n<input type=\"hidden\" name=\"_wpcf7_locale\" value=\"en_US\" \/>\n<input type=\"hidden\" name=\"_wpcf7_unit_tag\" value=\"wpcf7-f16703-o1\" \/>\n<input type=\"hidden\" name=\"_wpcf7_container_post\" value=\"0\" \/>\n<input type=\"hidden\" name=\"_wpcf7_posted_data_hash\" value=\"\" \/>\n<input type=\"hidden\" name=\"_wpcf7_recaptcha_response\" value=\"\" \/>\n<\/div>\n<p>Naam<br \/>\n<span class=\"wpcf7-form-control-wrap your-name\"><input type=\"text\" name=\"your-name\" value=\"\" size=\"40\" class=\"wpcf7-form-control wpcf7-text wpcf7-validates-as-required\" aria-required=\"true\" aria-invalid=\"false\" \/><\/span><\/p>\n<p>E-mail<br \/>\n<span class=\"wpcf7-form-control-wrap your-email\"><input type=\"email\" name=\"your-email\" value=\"\" size=\"40\" class=\"wpcf7-form-control wpcf7-text wpcf7-email wpcf7-validates-as-required wpcf7-validates-as-email\" aria-required=\"true\" aria-invalid=\"false\" \/><\/span><\/p>\n<p>Bericht:<br \/>\n<span class=\"wpcf7-form-control-wrap your-message\"><textarea name=\"your-message\" cols=\"40\" rows=\"10\" class=\"wpcf7-form-control wpcf7-textarea\" aria-invalid=\"false\"><\/textarea><\/span><\/p>\n<p><input type=\"submit\" value=\"Verzenden\" class=\"wpcf7-form-control wpcf7-submit\" \/><\/p>\n<div class=\"wpcf7-response-output\" aria-hidden=\"true\"><\/div><\/form><\/div>[\/vc_column][\/vc_row]<\/p>\n","protected":false},"excerpt":{"rendered":"<p>[vc_row top_padding=&#8220;60&#8243;][vc_column width=&#8220;1\/1&#8243;][\/vc_column][\/vc_row][vc_row bg_color=&#8220;#ffffff&#8220; section_arrow=&#8220;false&#8220; top_padding=&#8220;60&#8243; bottom_padding=&#8220;60&#8243; bg_position=&#8220;left top&#8220;][vc_column width=&#8220;1\/3&#8243;][vc_column_text]byRomeo Handelskade 1a 5211 TH \u2018s-Hertogenbosch The Netherlands[\/vc_column_text][vc_column_text]\u00a0\u00a0\u00a0[\/vc_column_text][\/vc_column][vc_column width=&#8220;2\/3&#8243;][vc_column_text]Sie sind begeistert und m\u00f6chten mehr Informationen, haben eine Frage oder eine Anmerkung?\u00a0 Oder m\u00f6chten Romeo f\u00fcr eine Pr\u00e4sentation, einen Workshop oder einen Trendvortrag buchen? Dann w\u00fcrden wir uns freuen, von Ihnen zu h\u00f6ren. Sie k\u00f6nnen uns direkt \u00fcber das Kontaktformular erreichen.[\/vc_column_text][\/vc_column][\/vc_row]<\/p>\n","protected":false},"author":4,"featured_media":0,"parent":0,"menu_order":50,"comment_status":"open","ping_status":"open","template":"","meta":[],"_links":{"self":[{"href":"https:\/\/byromeo.nl\/de\/wp-json\/wp\/v2\/pages\/16567"}],"collection":[{"href":"https:\/\/byromeo.nl\/de\/wp-json\/wp\/v2\/pages"}],"about":[{"href":"https:\/\/byromeo.nl\/de\/wp-json\/wp\/v2\/types\/page"}],"author":[{"embeddable":true,"href":"https:\/\/byromeo.nl\/de\/wp-json\/wp\/v2\/users\/4"}],"replies":[{"embeddable":true,"href":"https:\/\/byromeo.nl\/de\/wp-json\/wp\/v2\/comments?post=16567"}],"version-history":[{"count":3,"href":"https:\/\/byromeo.nl\/de\/wp-json\/wp\/v2\/pages\/16567\/revisions"}],"predecessor-version":[{"id":16628,"href":"https:\/\/byromeo.nl\/de\/wp-json\/wp\/v2\/pages\/16567\/revisions\/16628"}],"wp:attachment":[{"href":"https:\/\/byromeo.nl\/de\/wp-json\/wp\/v2\/media?parent=16567"}],"curies":[{"name":"wp","href":"https:\/\/api.w.org\/{rel}","templated":true}]}}