{"id":16565,"date":"2021-01-22T17:43:12","date_gmt":"2021-01-22T17:43:12","guid":{"rendered":"http:\/\/byromeo.nl\/portfolio\/"},"modified":"2021-06-25T12:49:08","modified_gmt":"2021-06-25T12:49:08","slug":"portfolio","status":"publish","type":"page","link":"https:\/\/byromeo.nl\/de\/portfolio\/","title":{"rendered":"Projekte"},"content":{"rendered":"<p>[vc_row top_padding=&#8220;60&#8243;][vc_column width=&#8220;1\/1&#8243;]<h1 class=\"headline font-inherit fontsize-xxl fontweight-inherit lh-inherit align-left transform-uppercase \" style=\"margin: 0 0 20px 0; color: #3e7776;\">Projekte<\/h1><div class=\"newdivider align-left\" style=\"border-bottom-style: solid; border-color: #3e7776; border-bottom-width: 3px; margin-top: 0; margin-bottom: 0; width: 25px; \"><\/div><div class=\"clear\"><\/div>[\/vc_column][\/vc_row][vc_row top_padding=&#8220;40&#8243; bottom_padding=&#8220;40&#8243;][vc_column width=&#8220;1\/1&#8243;]<div class=\"headline font-inherit fontsize-s fontweight-600 lh-12 align-left transform-inherit \" style=\"margin: 0 0 20px 0; color: #3e7776;\">Projekte<\/div>[vc_column_text]Verschiedene Kunden aus dem In- und Ausland haben den Weg zu Romeo gefunden. Sehen Sie sich die verschiedenen Projekte an, die Romeo f\u00fcr sie betreut hat. St\u00fcck f\u00fcr St\u00fcck Erfolgsgeschichten.[\/vc_column_text][\/vc_column][\/vc_row][vc_row][vc_column width=&#8220;1\/1&#8243;]\n\t\t<div class=\"portfolio-element\">\n\n\t\t\n\t\t\t\t\t<div class=\"container\">\n\t\t\n\t\t\t\t\t<div id=\"231480740\" class=\"portfolio-items portfolio-default portfolio-overlay-name clearfix\" data-id=\"231480740\">  \n\t\t\t\t\t\t\n\t\t\t\t\t\t\t\n\t\t\t\t\t\t\t\n\t\t\t\t\t\t\n\t\t\t\t\t\t\t\t\t\t\t\t\t\t\t\t\n\t\t\t\t\t\t\t\t   \n\n\t\t\t\t\t\t\t\t<div class=\"portfolio-item eight columns\">\n\t\t\t\t\t\t\t\t\t<div class=\"portfolio-image\"><a href=\"https:\/\/byromeo.nl\/de\/portfolio\/retail-lab-glee-birmingham\/\" title=\"Retail Lab, Glee Birmingham\"><div class=\"portfolio-image-img\"><img src=\"https:\/\/byromeo.nl\/wp-content\/uploads\/2021\/03\/IMG_9208-600x400.jpeg\" alt=\"Retail Lab, Glee Birmingham\" \/><\/div><div class=\"portfolio-overlay overlay-name\"><span>Retail Lab, Glee Birmingham<\/span><i class=\"icon-minti-plus\"><\/i><\/div><\/a><\/div>\n\t\t\t\t\t\t\t\t\t<h4><a href=\"https:\/\/byromeo.nl\/de\/portfolio\/retail-lab-glee-birmingham\/\" title=\"Retail Lab, Glee Birmingham\">Retail Lab, Glee Birmingham<\/a><\/h4>\n\t\t\t\t\t\t\t\t\t<span class=\"portfolio-subtitle\">Glee Birmingham ist Gro\u00dfbritanniens wertvollste Garten- und Outdoor-Messe.<\/span>\n\t\t\t\t\t\t\t\t<\/div>\n\n\t\t\t\t\t\t\t\t\t\t\t\t  \n\t\t\t\t\t\t\n\t\t\t\t\t\t\t\n\t\t\t\t\t\t\t\n\t\t\t\t\t\t\n\t\t\t\t\t\t\t\t\t\t\t\t\t\t\t\t\n\t\t\t\t\t\t\t\t   \n\n\t\t\t\t\t\t\t\t<div class=\"portfolio-item eight columns\">\n\t\t\t\t\t\t\t\t\t<div class=\"portfolio-image\"><a href=\"https:\/\/byromeo.nl\/de\/portfolio\/redesign-der-verwaltung-von-blume2000\/\" title=\"Redesign der Verwaltung von Blume2000\"><div class=\"portfolio-image-img\"><img src=\"https:\/\/byromeo.nl\/wp-content\/uploads\/2021\/03\/IMG_8574-600x400.jpg\" alt=\"Redesign der Verwaltung von Blume2000\" \/><\/div><div class=\"portfolio-overlay overlay-name\"><span>Redesign der Verwaltung von Blume2000<\/span><i class=\"icon-minti-plus\"><\/i><\/div><\/a><\/div>\n\t\t\t\t\t\t\t\t\t<h4><a href=\"https:\/\/byromeo.nl\/de\/portfolio\/redesign-der-verwaltung-von-blume2000\/\" title=\"Redesign der Verwaltung von Blume2000\">Redesign der Verwaltung von Blume2000<\/a><\/h4>\n\t\t\t\t\t\t\t\t\t<span class=\"portfolio-subtitle\">Nach der erfolgreichen Neupositionierung von Blume2000 sollte auch die Zentrale einen neuen Look erhalten, der ganz der neuen DNA der Handelskette entspricht. Deshalb hat Romeo 2018 eine komplette Neugestaltung des der Hauptverwaltung vorgenommen.<\/span>\n\t\t\t\t\t\t\t\t<\/div>\n\n\t\t\t\t\t\t\t\t\t\t\t\t  \n\t\t\t\t\t\t\n\t\t\t\t\t\t\t\n\t\t\t\t\t\t\t\n\t\t\t\t\t\t\n\t\t\t\t\t\t\t\t\t\t\t\t\t\t\t\t\n\t\t\t\t\t\t\t\t   \n\n\t\t\t\t\t\t\t\t<div class=\"portfolio-item eight columns\">\n\t\t\t\t\t\t\t\t\t<div class=\"portfolio-image\"><a href=\"https:\/\/byromeo.nl\/de\/portfolio\/neupositionierung-blume2000\/\" title=\"Neupositionierung Blume2000\"><div class=\"portfolio-image-img\"><img src=\"https:\/\/byromeo.nl\/wp-content\/uploads\/2021\/03\/IMG_6087-600x400.jpeg\" alt=\"Neupositionierung Blume2000\" \/><\/div><div class=\"portfolio-overlay overlay-name\"><span>Neupositionierung Blume2000<\/span><i class=\"icon-minti-plus\"><\/i><\/div><\/a><\/div>\n\t\t\t\t\t\t\t\t\t<h4><a href=\"https:\/\/byromeo.nl\/de\/portfolio\/neupositionierung-blume2000\/\" title=\"Neupositionierung Blume2000\">Neupositionierung Blume2000<\/a><\/h4>\n\t\t\t\t\t\t\t\t\t<span class=\"portfolio-subtitle\">Blume2000 ist eine Ladenkette mit 200 Blumen- und Pflanzengesch\u00e4ften in ganz Deutschland. Im Jahr 2014 sah Blume2000 die Zeit f\u00fcr eine Ver\u00e4nderung gekommen.<\/span>\n\t\t\t\t\t\t\t\t<\/div>\n\n\t\t\t\t\t\t\t\t\t\t\t\t  \n\t\t\t\t\t\t\n\t\t\t\t\t\t\t\n\t\t\t\t\t\t\t\n\t\t\t\t\t\t\n\t\t\t\t\t\t\t\t\t\t\t\t\t\t\t\t\n\t\t\t\t\t\t\t\t   \n\n\t\t\t\t\t\t\t\t<div class=\"portfolio-item eight columns\">\n\t\t\t\t\t\t\t\t\t<div class=\"portfolio-image\"><a href=\"https:\/\/byromeo.nl\/de\/portfolio\/discovery-center-auf-der-ipm-essen\/\" title=\"Discovery Center auf der IPM Essen\"><div class=\"portfolio-image-img\"><img src=\"https:\/\/byromeo.nl\/wp-content\/uploads\/2012\/03\/IMG_7262-600x400.jpeg\" alt=\"Discovery Center auf der IPM Essen\" \/><\/div><div class=\"portfolio-overlay overlay-name\"><span>Discovery Center auf der IPM Essen<\/span><i class=\"icon-minti-plus\"><\/i><\/div><\/a><\/div>\n\t\t\t\t\t\t\t\t\t<h4><a href=\"https:\/\/byromeo.nl\/de\/portfolio\/discovery-center-auf-der-ipm-essen\/\" title=\"Discovery Center auf der IPM Essen\">Discovery Center auf der IPM Essen<\/a><\/h4>\n\t\t\t\t\t\t\t\t\t<span class=\"portfolio-subtitle\">Die IPM Essen ist eine der weltweit f\u00fchrenden (Gartenbau-)Messen. Mehr als 50.000 Besucher aus verschiedenen gr\u00fcnen Branchen kommen jedes Jahr hierher, um ihr Wissen zu erweitern.<\/span>\n\t\t\t\t\t\t\t\t<\/div>\n\n\t\t\t\t\t\t\t\t\t\t\t\t  \n\t\t\t\t\t\t\n\t\t\t\t\t\t\t\n\t\t\t\t\t\t\t\n\t\t\t\t\t\t\n\t\t\t\t\t\t\t\t\t\t\t\t\t\t\t\t\n\t\t\t\t\t\t\t\t   \n\n\t\t\t\t\t\t\t\t<div class=\"portfolio-item eight columns\">\n\t\t\t\t\t\t\t\t\t<div class=\"portfolio-image\"><a href=\"https:\/\/byromeo.nl\/de\/portfolio\/green-friday-conceptstore-shanghai\/\" title=\"Green Friday, Conceptstore Shanghai\"><div class=\"portfolio-image-img\"><img src=\"https:\/\/byromeo.nl\/wp-content\/uploads\/2021\/03\/Schermafbeelding-2021-02-19-om-15.26.06-e1617620671667-600x400.png\" alt=\"Green Friday, Conceptstore Shanghai\" \/><\/div><div class=\"portfolio-overlay overlay-name\"><span>Green Friday, Conceptstore Shanghai<\/span><i class=\"icon-minti-plus\"><\/i><\/div><\/a><\/div>\n\t\t\t\t\t\t\t\t\t<h4><a href=\"https:\/\/byromeo.nl\/de\/portfolio\/green-friday-conceptstore-shanghai\/\" title=\"Green Friday, Conceptstore Shanghai\">Green Friday, Conceptstore Shanghai<\/a><\/h4>\n\t\t\t\t\t\t\t\t\t<span class=\"portfolio-subtitle\"> Green Friday ist ein urbaner Pflanzenladen mit Catering in Shanghai. Gr\u00fcn ist in Shanghai ein immer beliebter werdender Trend. Zusammen mit dem Green Friday-Team hat Romeo das gesamte Look and Feel bestimmt: Farben, Materialien, Lampen, M\u00f6bel, alles.<\/span>\n\t\t\t\t\t\t\t\t<\/div>\n\n\t\t\t\t\t\t\t\t\t\t\t\t  \n\t\t\t\t\t\t\n\t\t\t\t\t\t\t\n\t\t\t\t\t\t\t\n\t\t\t\t\t\t\n\t\t\t\t\t\t\t\t\t\t\t\t\t\t\t\t\n\t\t\t\t\t\t\t\t   \n\n\t\t\t\t\t\t\t\t<div class=\"portfolio-item eight columns\">\n\t\t\t\t\t\t\t\t\t<div class=\"portfolio-image\"><a href=\"https:\/\/byromeo.nl\/de\/portfolio\/green-your-day\/\" title=\"Green Your Day\"><div class=\"portfolio-image-img\"><img src=\"https:\/\/byromeo.nl\/wp-content\/uploads\/2021\/04\/IMG_4912-2-600x400.jpeg\" alt=\"Green Your Day\" \/><\/div><div class=\"portfolio-overlay overlay-name\"><span>Green Your Day<\/span><i class=\"icon-minti-plus\"><\/i><\/div><\/a><\/div>\n\t\t\t\t\t\t\t\t\t<h4><a href=\"https:\/\/byromeo.nl\/de\/portfolio\/green-your-day\/\" title=\"Green Your Day\">Green Your Day<\/a><\/h4>\n\t\t\t\t\t\t\t\t\t<span class=\"portfolio-subtitle\"> Die Arbeit mit Blumen und Pflanzen ist nicht schwierig. Romeo beweist dies seit Jahren durch seine eigene Inspirationsplattform Green Your Day. Viele tausend Menschen folgen all seinen Ideen und sch\u00f6nsten Kreationen und machen sich dann selbst an die Arbeit.<\/span>\n\t\t\t\t\t\t\t\t<\/div>\n\n\t\t\t\t\t\t\t\t\t\t\t\t  \n\t\t\t\t\t\t\t\t\t\t\t<\/div>\n\n\t\t\t\t\t<\/div>\n\t\t\n\t\t<\/div>\n\t\t\t\n\t\t\t\t\n\t\t[\/vc_column][\/vc_row]<\/p>\n","protected":false},"excerpt":{"rendered":"<p>[vc_row top_padding=&#8220;60&#8243;][vc_column width=&#8220;1\/1&#8243;][\/vc_column][\/vc_row][vc_row top_padding=&#8220;40&#8243; bottom_padding=&#8220;40&#8243;][vc_column width=&#8220;1\/1&#8243;][vc_column_text]Verschiedene Kunden aus dem In- und Ausland haben den Weg zu Romeo gefunden. Sehen Sie sich die verschiedenen Projekte an, die Romeo f\u00fcr sie betreut hat. St\u00fcck f\u00fcr St\u00fcck Erfolgsgeschichten.[\/vc_column_text][\/vc_column][\/vc_row][vc_row][vc_column width=&#8220;1\/1&#8243;][\/vc_column][\/vc_row]<\/p>\n","protected":false},"author":4,"featured_media":0,"parent":0,"menu_order":40,"comment_status":"closed","ping_status":"closed","template":"","meta":[],"_links":{"self":[{"href":"https:\/\/byromeo.nl\/de\/wp-json\/wp\/v2\/pages\/16565"}],"collection":[{"href":"https:\/\/byromeo.nl\/de\/wp-json\/wp\/v2\/pages"}],"about":[{"href":"https:\/\/byromeo.nl\/de\/wp-json\/wp\/v2\/types\/page"}],"author":[{"embeddable":true,"href":"https:\/\/byromeo.nl\/de\/wp-json\/wp\/v2\/users\/4"}],"replies":[{"embeddable":true,"href":"https:\/\/byromeo.nl\/de\/wp-json\/wp\/v2\/comments?post=16565"}],"version-history":[{"count":3,"href":"https:\/\/byromeo.nl\/de\/wp-json\/wp\/v2\/pages\/16565\/revisions"}],"predecessor-version":[{"id":16620,"href":"https:\/\/byromeo.nl\/de\/wp-json\/wp\/v2\/pages\/16565\/revisions\/16620"}],"wp:attachment":[{"href":"https:\/\/byromeo.nl\/de\/wp-json\/wp\/v2\/media?parent=16565"}],"curies":[{"name":"wp","href":"https:\/\/api.w.org\/{rel}","templated":true}]}}