{"id":16523,"date":"2021-03-24T14:32:43","date_gmt":"2021-03-24T14:32:43","guid":{"rendered":"http:\/\/byromeo.nl\/expertise\/workshops-en-demonstraties\/"},"modified":"2021-06-25T12:48:58","modified_gmt":"2021-06-25T12:48:58","slug":"workshops-en-demonstraties","status":"publish","type":"page","link":"https:\/\/byromeo.nl\/de\/expertise\/workshops-en-demonstraties\/","title":{"rendered":"Workshops und Vorf\u00fchrungen"},"content":{"rendered":"<p>[vc_row top_padding=&#8220;60&#8243;][vc_column width=&#8220;1\/1&#8243;]<h1 class=\"headline font-inherit fontsize-xxl fontweight-inherit lh-inherit align-left transform-uppercase \" style=\"margin: 0 0 20px 0; color: #3e7776;\">Workshops und Vorf\u00fchrungen<br \/>\n<\/h1><div class=\"newdivider align-left\" style=\"border-bottom-style: solid; border-color: #3e7776; border-bottom-width: 3px; margin-top: 0; margin-bottom: 0; width: 25px; \"><\/div><div class=\"clear\"><\/div>[\/vc_column][\/vc_row][vc_row top_padding=&#8220;40&#8243;][vc_column width=&#8220;1\/2&#8243;]<div class=\"single_image wpb_content_element align-left    \" data-animation=\"none\" data-delay=\"0\"><\/div>[\/vc_column][vc_column width=&#8220;1\/2&#8243;]<h3 class=\"headline font-inherit fontsize-s fontweight-700 lh-inherit align-left transform-inherit \" style=\"margin: 0 0 20px 0; color: #3e7776;\">Workshops und Vorf\u00fchrungen<br \/>\n<\/h3>[vc_column_text]<span style=\"font-weight: 400;\">Sie wollen Mitarbeiter oder Fachleute f\u00fcr Produkte und Ideen begeistern und inspirieren? Dies ist online durch die Nutzung von Social Media und die Einbindung von Videos in Webshops m\u00f6glich, aber auch offline: im Verkaufsraum, auf Messen und in Erlebniszentren. Romeo verf\u00fchrt w\u00e4hrend seiner Workshops und Demonstrationen durch Vormachen und Zeigen.<\/span>[\/vc_column_text][\/vc_column][\/vc_row][vc_row top_padding=&#8220;60&#8243; bottom_padding=&#8220;40&#8243;][vc_column width=&#8220;1\/4&#8243;]<div class=\"box clearfix style-7 wpb_content_element align-left imageblock\" style=\"padding: 20px 20px 20px 20px;background-image: url(https:\/\/byromeo.nl\/wp-content\/uploads\/2021\/01\/home_1000x1000_kleur2.jpg);min-height: 220px;\"><a href=\"http:\/\/expertise\/trends-inspiratie\/\">TRENDWATCHER &amp; INSPIRATOR<\/a><\/div>[\/vc_column][vc_column width=&#8220;1\/4&#8243;]<div class=\"box clearfix style-7 wpb_content_element align-left imageblock\" style=\"padding: 20px 20px 20px 20px;background-image: url(https:\/\/byromeo.nl\/wp-content\/uploads\/2021\/01\/home_1000x1000_kleur2.jpg);min-height: 220px;\"><a href=\"\/expertise\/strategie-merk-ontwikkeling\/\">STRATEGISCH EN CREATIEF ADVISEUR<\/a><\/div>[\/vc_column][vc_column width=&#8220;1\/4&#8243;]<div class=\"box clearfix style-7 wpb_content_element align-left imageblock\" style=\"padding: 20px 20px 20px 20px;background-image: url(https:\/\/byromeo.nl\/wp-content\/uploads\/2021\/01\/home_1000x1000_kleur2.jpg);min-height: 220px;\"><a href=\"\/expertise\/styling-instore\/\">STYLIST EN INSTORE VERLEIDER<\/a><\/div>[\/vc_column][vc_column width=&#8220;1\/4&#8243;]<div class=\"box clearfix style-7 wpb_content_element align-left imageblock\" style=\"padding: 20px 20px 20px 20px;background-image: url(https:\/\/byromeo.nl\/wp-content\/uploads\/2021\/01\/home_1000x1000_kleur2.jpg);min-height: 220px;\"><a href=\"\/expertise\/creative-director\/\">CREATIVE DIRECTOR<\/a><\/div>[\/vc_column][\/vc_row][vc_row top_padding=&#8220;20&#8243;][vc_column width=&#8220;1\/1&#8243;]<h3 class=\"headline font-inherit fontsize-m fontweight-inherit lh-inherit align-left transform-inherit \" style=\"margin: 0 0 40px 0; color: #3e7776;\">Gerelateerde projecten<\/h3>[\/vc_column][\/vc_row]<\/p>\n","protected":false},"excerpt":{"rendered":"<p>[vc_row top_padding=&#8220;60&#8243;][vc_column width=&#8220;1\/1&#8243;][\/vc_column][\/vc_row][vc_row top_padding=&#8220;40&#8243;][vc_column width=&#8220;1\/2&#8243;][\/vc_column][vc_column width=&#8220;1\/2&#8243;][vc_column_text]Sie wollen Mitarbeiter oder Fachleute f\u00fcr Produkte und Ideen begeistern und inspirieren? Dies ist online durch die Nutzung von Social Media und die Einbindung von Videos in Webshops m\u00f6glich, aber auch offline: im Verkaufsraum, auf Messen und in Erlebniszentren. Romeo verf\u00fchrt w\u00e4hrend seiner Workshops und Demonstrationen durch Vormachen und Zeigen.[\/vc_column_text][\/vc_column][\/vc_row][vc_row top_padding=&#8220;60&#8243; bottom_padding=&#8220;40&#8243;][vc_column width=&#8220;1\/4&#8243;][\/vc_column][vc_column width=&#8220;1\/4&#8243;][\/vc_column][vc_column width=&#8220;1\/4&#8243;][\/vc_column][vc_column width=&#8220;1\/4&#8243;][\/vc_column][\/vc_row][vc_row top_padding=&#8220;20&#8243;][vc_column width=&#8220;1\/1&#8243;][\/vc_column][\/vc_row]<\/p>\n","protected":false},"author":4,"featured_media":0,"parent":16513,"menu_order":10,"comment_status":"closed","ping_status":"closed","template":"","meta":[],"_links":{"self":[{"href":"https:\/\/byromeo.nl\/de\/wp-json\/wp\/v2\/pages\/16523"}],"collection":[{"href":"https:\/\/byromeo.nl\/de\/wp-json\/wp\/v2\/pages"}],"about":[{"href":"https:\/\/byromeo.nl\/de\/wp-json\/wp\/v2\/types\/page"}],"author":[{"embeddable":true,"href":"https:\/\/byromeo.nl\/de\/wp-json\/wp\/v2\/users\/4"}],"replies":[{"embeddable":true,"href":"https:\/\/byromeo.nl\/de\/wp-json\/wp\/v2\/comments?post=16523"}],"version-history":[{"count":2,"href":"https:\/\/byromeo.nl\/de\/wp-json\/wp\/v2\/pages\/16523\/revisions"}],"predecessor-version":[{"id":16614,"href":"https:\/\/byromeo.nl\/de\/wp-json\/wp\/v2\/pages\/16523\/revisions\/16614"}],"up":[{"embeddable":true,"href":"https:\/\/byromeo.nl\/de\/wp-json\/wp\/v2\/pages\/16513"}],"wp:attachment":[{"href":"https:\/\/byromeo.nl\/de\/wp-json\/wp\/v2\/media?parent=16523"}],"curies":[{"name":"wp","href":"https:\/\/api.w.org\/{rel}","templated":true}]}}