{"id":16521,"date":"2021-01-25T19:58:47","date_gmt":"2021-01-25T19:58:47","guid":{"rendered":"http:\/\/byromeo.nl\/expertise\/trends-inspiratie\/"},"modified":"2021-06-25T12:48:50","modified_gmt":"2021-06-25T12:48:50","slug":"trends-inspiratie","status":"publish","type":"page","link":"https:\/\/byromeo.nl\/de\/expertise\/trends-inspiratie\/","title":{"rendered":"Trendbeobachter und inspirator"},"content":{"rendered":"<p>[vc_row top_padding=&#8220;60&#8243;][vc_column width=&#8220;1\/1&#8243;]<h1 class=\"headline font-inherit fontsize-xxl fontweight-inherit lh-inherit align-left transform-uppercase \" style=\"margin: 0 0 20px 0; color: #3e7776;\">Trendbeobachter und inspirator<\/h1><div class=\"newdivider align-left\" style=\"border-bottom-style: solid; border-color: #3e7776; border-bottom-width: 3px; margin-top: 0; margin-bottom: 0; width: 25px; \"><\/div><div class=\"clear\"><\/div>[\/vc_column][\/vc_row][vc_row top_padding=&#8220;40&#8243;][vc_column width=&#8220;1\/2&#8243;]<div class=\"single_image wpb_content_element align-left    \" data-animation=\"none\" data-delay=\"0\"><img width=\"1125\" height=\"1459\" src=\"https:\/\/byromeo.nl\/wp-content\/uploads\/2021\/03\/IMG_8415.jpg\" class=\"attachment-full\" alt=\"\" loading=\"lazy\" srcset=\"https:\/\/byromeo.nl\/wp-content\/uploads\/2021\/03\/IMG_8415.jpg 1125w, https:\/\/byromeo.nl\/wp-content\/uploads\/2021\/03\/IMG_8415-231x300.jpg 231w, https:\/\/byromeo.nl\/wp-content\/uploads\/2021\/03\/IMG_8415-790x1024.jpg 790w, https:\/\/byromeo.nl\/wp-content\/uploads\/2021\/03\/IMG_8415-768x996.jpg 768w\" sizes=\"(max-width: 1125px) 100vw, 1125px\" \/><\/div>[\/vc_column][vc_column width=&#8220;1\/2&#8243;]<h3 class=\"headline font-inherit fontsize-s fontweight-700 lh-inherit align-left transform-inherit \" style=\"margin: 0 0 20px 0; color: #3e7776;\">Trendbeobachter und inspirator<\/h3>[vc_column_text]<span style=\"font-weight: 400;\">Welche (gr\u00fcnen) Trends lassen sich beobachten und welchen Einfluss haben diese Trends auf den Verbraucher? Romeo gibt Tipps, wie man mit den Produkten von heute neue Trends nutzen kann. Er sieht auch rasend schnell, welche Produkte oder Konzepte entwickelt oder angepasst werden k\u00f6nnen, um mit dem Trend mitzuhalten.<\/span><\/p>\n<p><span style=\"font-weight: 400;\">Sie suchen einen beeindruckenden Vortrag oder eine effektvolle Pr\u00e4sentation f\u00fcr Ihren Kongress oder Ihr Meeting? Romeo ist gerne bereit, seine einzigartige Sicht auf die Entwicklungen in der Branche zu teilen, und sorgt daf\u00fcr, dass Ihre Besucher voller Inspiration und neuer Energie nach Hause gehen.<\/span>[\/vc_column_text][\/vc_column][\/vc_row][vc_row top_padding=&#8220;60&#8243; bottom_padding=&#8220;40&#8243;][vc_column width=&#8220;1\/4&#8243;]<div class=\"box clearfix style-7 wpb_content_element align-left imageblock\" style=\"padding: 20px 20px 20px 20px;background-image: url(https:\/\/byromeo.nl\/wp-content\/uploads\/2021\/01\/home_1000x1000_kleur2.jpg);min-height: 220px;\"><a href=\"\/expertise\/workshops-en-demonstraties\/\">WORKSHOPS EN DEMONSTRATIES<\/a><\/div>[\/vc_column][vc_column bg_image=&#8220;15612&#8243; width=&#8220;1\/4&#8243;]<div class=\"box clearfix style-7 wpb_content_element align-left imageblock\" style=\"padding: 20px 20px 20px 20px;background-image: url(https:\/\/byromeo.nl\/wp-content\/uploads\/2021\/01\/home_1000x1000_kleur2.jpg);min-height: 220px;\"><a href=\"\/expertise\/strategie-merk-ontwikkeling\/\">STRATEGISCH EN CREATIEF ADVISEUR<\/a><\/div>[\/vc_column][vc_column width=&#8220;1\/4&#8243;]<div class=\"box clearfix style-7 wpb_content_element align-left imageblock\" style=\"padding: 20px 20px 20px 20px;background-image: url(https:\/\/byromeo.nl\/wp-content\/uploads\/2021\/01\/home_1000x1000_kleur2.jpg);min-height: 220px;\"><a href=\"\/expertise\/styling-instore\/\">STYLIST EN INSTORE VERLEIDER<\/a><\/div>[\/vc_column][vc_column width=&#8220;1\/4&#8243;]<div class=\"box clearfix style-7 wpb_content_element align-left imageblock\" style=\"padding: 20px 20px 20px 20px;background-image: url(https:\/\/byromeo.nl\/wp-content\/uploads\/2021\/01\/home_1000x1000_kleur2.jpg);min-height: 220px;\"><a href=\"\/expertise\/creative-director\/\">CREATIVE DIRECTOR<\/a><\/div>[\/vc_column][\/vc_row][vc_row top_padding=&#8220;20&#8243;][vc_column width=&#8220;1\/1&#8243;]<h3 class=\"headline font-inherit fontsize-m fontweight-inherit lh-inherit align-left transform-inherit \" style=\"margin: 0 0 40px 0; color: #3e7776;\">Gerelateerde projecten<\/h3>[\/vc_column][\/vc_row]<\/p>\n","protected":false},"excerpt":{"rendered":"<p>[vc_row top_padding=&#8220;60&#8243;][vc_column width=&#8220;1\/1&#8243;][\/vc_column][\/vc_row][vc_row top_padding=&#8220;40&#8243;][vc_column width=&#8220;1\/2&#8243;][\/vc_column][vc_column width=&#8220;1\/2&#8243;][vc_column_text]Welche (gr\u00fcnen) Trends lassen sich beobachten und welchen Einfluss haben diese Trends auf den Verbraucher? Romeo gibt Tipps, wie man mit den Produkten von heute neue Trends nutzen kann. Er sieht auch rasend schnell, welche Produkte oder Konzepte entwickelt oder angepasst werden k\u00f6nnen, um mit dem Trend mitzuhalten. Sie suchen einen beeindruckenden Vortrag oder eine effektvolle Pr\u00e4sentation f\u00fcr Ihren Kongress oder Ihr Meeting? Romeo ist gerne bereit, seine einzigartige Sicht auf die Entwicklungen in der Branche zu teilen, und sorgt daf\u00fcr, dass Ihre Besucher voller Inspiration und neuer Energie nach Hause gehen.[\/vc_column_text][\/vc_column][\/vc_row][vc_row top_padding=&#8220;60&#8243; bottom_padding=&#8220;40&#8243;][vc_column width=&#8220;1\/4&#8243;][\/vc_column][vc_column bg_image=&#8220;15612&#8243; width=&#8220;1\/4&#8243;][\/vc_column][vc_column width=&#8220;1\/4&#8243;][\/vc_column][vc_column width=&#8220;1\/4&#8243;][\/vc_column][\/vc_row][vc_row top_padding=&#8220;20&#8243;][vc_column width=&#8220;1\/1&#8243;][\/vc_column][\/vc_row]<\/p>\n","protected":false},"author":4,"featured_media":0,"parent":16513,"menu_order":10,"comment_status":"closed","ping_status":"closed","template":"","meta":[],"_links":{"self":[{"href":"https:\/\/byromeo.nl\/de\/wp-json\/wp\/v2\/pages\/16521"}],"collection":[{"href":"https:\/\/byromeo.nl\/de\/wp-json\/wp\/v2\/pages"}],"about":[{"href":"https:\/\/byromeo.nl\/de\/wp-json\/wp\/v2\/types\/page"}],"author":[{"embeddable":true,"href":"https:\/\/byromeo.nl\/de\/wp-json\/wp\/v2\/users\/4"}],"replies":[{"embeddable":true,"href":"https:\/\/byromeo.nl\/de\/wp-json\/wp\/v2\/comments?post=16521"}],"version-history":[{"count":3,"href":"https:\/\/byromeo.nl\/de\/wp-json\/wp\/v2\/pages\/16521\/revisions"}],"predecessor-version":[{"id":16611,"href":"https:\/\/byromeo.nl\/de\/wp-json\/wp\/v2\/pages\/16521\/revisions\/16611"}],"up":[{"embeddable":true,"href":"https:\/\/byromeo.nl\/de\/wp-json\/wp\/v2\/pages\/16513"}],"wp:attachment":[{"href":"https:\/\/byromeo.nl\/de\/wp-json\/wp\/v2\/media?parent=16521"}],"curies":[{"name":"wp","href":"https:\/\/api.w.org\/{rel}","templated":true}]}}