{"id":16519,"date":"2021-03-24T14:06:52","date_gmt":"2021-03-24T14:06:52","guid":{"rendered":"http:\/\/byromeo.nl\/expertise\/styling-instore\/"},"modified":"2021-06-25T12:48:40","modified_gmt":"2021-06-25T12:48:40","slug":"styling-instore","status":"publish","type":"page","link":"https:\/\/byromeo.nl\/de\/expertise\/styling-instore\/","title":{"rendered":"Stylist und Verf\u00fchrer im Gesch\u00e4ft"},"content":{"rendered":"<p>[vc_row top_padding=&#8220;60&#8243;][vc_column width=&#8220;1\/1&#8243;]<h1 class=\"headline font-inherit fontsize-xxl fontweight-inherit lh-inherit align-left transform-uppercase \" style=\"margin: 0 0 20px 0; color: #3e7776;\">Stylist und Verf\u00fchrer im Gesch\u00e4ft<\/h1><div class=\"newdivider align-left\" style=\"border-bottom-style: solid; border-color: #3e7776; border-bottom-width: 3px; margin-top: 0; margin-bottom: 0; width: 25px; \"><\/div><div class=\"clear\"><\/div>[\/vc_column][\/vc_row][vc_row top_padding=&#8220;40&#8243;][vc_column width=&#8220;1\/2&#8243;]<div class=\"single_image wpb_content_element align-left    \" data-animation=\"none\" data-delay=\"0\"><img width=\"2560\" height=\"1920\" src=\"https:\/\/byromeo.nl\/wp-content\/uploads\/2021\/03\/IMG_6053-scaled.jpeg\" class=\"attachment-full\" alt=\"\" loading=\"lazy\" srcset=\"https:\/\/byromeo.nl\/wp-content\/uploads\/2021\/03\/IMG_6053-scaled.jpeg 2560w, https:\/\/byromeo.nl\/wp-content\/uploads\/2021\/03\/IMG_6053-300x225.jpeg 300w, https:\/\/byromeo.nl\/wp-content\/uploads\/2021\/03\/IMG_6053-1024x768.jpeg 1024w, https:\/\/byromeo.nl\/wp-content\/uploads\/2021\/03\/IMG_6053-768x576.jpeg 768w, https:\/\/byromeo.nl\/wp-content\/uploads\/2021\/03\/IMG_6053-1536x1152.jpeg 1536w, https:\/\/byromeo.nl\/wp-content\/uploads\/2021\/03\/IMG_6053-2048x1536.jpeg 2048w\" sizes=\"(max-width: 2560px) 100vw, 2560px\" \/><\/div>[\/vc_column][vc_column width=&#8220;1\/2&#8243;]<h3 class=\"headline font-inherit fontsize-s fontweight-700 lh-inherit align-left transform-inherit \" style=\"margin: 0 0 20px 0; color: #3e7776;\">Stylist und Verf\u00fchrer im Gesch\u00e4ft<\/h3>[vc_column_text]<span style=\"font-weight: 400;\">Wie k\u00f6nnen Sie Ihre Besucher offline und online verf\u00fchren? Wie sorgen Sie daf\u00fcr, dass sich der Besucher auf Ihrer Website, im Gesch\u00e4ft, im Ausstellungsraum (f\u00fcr Konsumenten, aber auch f\u00fcr Eink\u00e4ufer) oder auf der Messe wohl f\u00fchlt? Wie stellen Sie sicher, dass dieser Besucher so stimuliert wird, dass Sie in seinem Ged\u00e4chtnis bleiben oder dass er Ihr Angebot sofort annimmt?<\/span><\/p>\n<p><span style=\"font-weight: 400;\">Romeo hilft Ihnen, die richtigen strategischen Entscheidungen zu treffen. Ihre Pr\u00e4sentation wird zeitgem\u00e4\u00df, trendy und vor allem kommerziell ansprechend. Der Kunde wird es lieben.<\/span>[\/vc_column_text][\/vc_column][\/vc_row][vc_row top_padding=&#8220;60&#8243; bottom_padding=&#8220;40&#8243;][vc_column width=&#8220;1\/4&#8243;]<div class=\"box clearfix style-7 wpb_content_element align-left imageblock\" style=\"padding: 20px 20px 20px 20px;background-image: url(https:\/\/byromeo.nl\/wp-content\/uploads\/2021\/01\/home_1000x1000_kleur2.jpg);min-height: 220px;\"><a href=\"\/expertise\/trends-inspiratie\/\">TRENDWATCHER EN INSPIRATOR<\/a><\/div>[\/vc_column][vc_column width=&#8220;1\/4&#8243;]<div class=\"box clearfix style-7 wpb_content_element align-left imageblock\" style=\"padding: 20px 20px 20px 20px;background-image: url(https:\/\/byromeo.nl\/wp-content\/uploads\/2021\/01\/home_1000x1000_kleur2.jpg);min-height: 220px;\"><a href=\"\/expertise\/strategie-merk-ontwikkeling\/\">STRATEGISCH EN CREATIEF ADVISEUR<\/a><\/div>[\/vc_column][vc_column width=&#8220;1\/4&#8243;]<div class=\"box clearfix style-7 wpb_content_element align-left imageblock\" style=\"padding: 20px 20px 20px 20px;background-image: url(https:\/\/byromeo.nl\/wp-content\/uploads\/2021\/01\/home_1000x1000_kleur2.jpg);min-height: 220px;\"><a href=\"\/expertise\/creative-director\/\">CREATIVE DIRECTOR<\/a><\/div>[\/vc_column][vc_column width=&#8220;1\/4&#8243;]<div class=\"box clearfix style-7 wpb_content_element align-left imageblock\" style=\"padding: 20px 20px 20px 20px;background-image: url(https:\/\/byromeo.nl\/wp-content\/uploads\/2021\/01\/home_1000x1000_kleur2.jpg);min-height: 220px;\"><a href=\"\/expertise\/workshops-en-demonstraties\/\">WORKSHOPS EN DEMONSTRATIES<\/a><\/div>[\/vc_column][\/vc_row][vc_row top_padding=&#8220;20&#8243;][vc_column width=&#8220;1\/1&#8243;]<h3 class=\"headline font-inherit fontsize-m fontweight-inherit lh-inherit align-left transform-inherit \" style=\"margin: 0 0 40px 0; color: #3e7776;\">Gerelateerde projecten<\/h3>[\/vc_column][\/vc_row]<\/p>\n","protected":false},"excerpt":{"rendered":"<p>[vc_row top_padding=&#8220;60&#8243;][vc_column width=&#8220;1\/1&#8243;][\/vc_column][\/vc_row][vc_row top_padding=&#8220;40&#8243;][vc_column width=&#8220;1\/2&#8243;][\/vc_column][vc_column width=&#8220;1\/2&#8243;][vc_column_text]Wie k\u00f6nnen Sie Ihre Besucher offline und online verf\u00fchren? Wie sorgen Sie daf\u00fcr, dass sich der Besucher auf Ihrer Website, im Gesch\u00e4ft, im Ausstellungsraum (f\u00fcr Konsumenten, aber auch f\u00fcr Eink\u00e4ufer) oder auf der Messe wohl f\u00fchlt? Wie stellen Sie sicher, dass dieser Besucher so stimuliert wird, dass Sie in seinem Ged\u00e4chtnis bleiben oder dass er Ihr Angebot sofort annimmt? Romeo hilft Ihnen, die richtigen strategischen Entscheidungen zu treffen. Ihre Pr\u00e4sentation wird zeitgem\u00e4\u00df, trendy und vor allem kommerziell ansprechend. Der Kunde wird es lieben.[\/vc_column_text][\/vc_column][\/vc_row][vc_row top_padding=&#8220;60&#8243; bottom_padding=&#8220;40&#8243;][vc_column width=&#8220;1\/4&#8243;][\/vc_column][vc_column width=&#8220;1\/4&#8243;][\/vc_column][vc_column width=&#8220;1\/4&#8243;][\/vc_column][vc_column width=&#8220;1\/4&#8243;][\/vc_column][\/vc_row][vc_row top_padding=&#8220;20&#8243;][vc_column width=&#8220;1\/1&#8243;][\/vc_column][\/vc_row]<\/p>\n","protected":false},"author":4,"featured_media":0,"parent":16513,"menu_order":10,"comment_status":"closed","ping_status":"closed","template":"","meta":[],"_links":{"self":[{"href":"https:\/\/byromeo.nl\/de\/wp-json\/wp\/v2\/pages\/16519"}],"collection":[{"href":"https:\/\/byromeo.nl\/de\/wp-json\/wp\/v2\/pages"}],"about":[{"href":"https:\/\/byromeo.nl\/de\/wp-json\/wp\/v2\/types\/page"}],"author":[{"embeddable":true,"href":"https:\/\/byromeo.nl\/de\/wp-json\/wp\/v2\/users\/4"}],"replies":[{"embeddable":true,"href":"https:\/\/byromeo.nl\/de\/wp-json\/wp\/v2\/comments?post=16519"}],"version-history":[{"count":2,"href":"https:\/\/byromeo.nl\/de\/wp-json\/wp\/v2\/pages\/16519\/revisions"}],"predecessor-version":[{"id":16616,"href":"https:\/\/byromeo.nl\/de\/wp-json\/wp\/v2\/pages\/16519\/revisions\/16616"}],"up":[{"embeddable":true,"href":"https:\/\/byromeo.nl\/de\/wp-json\/wp\/v2\/pages\/16513"}],"wp:attachment":[{"href":"https:\/\/byromeo.nl\/de\/wp-json\/wp\/v2\/media?parent=16519"}],"curies":[{"name":"wp","href":"https:\/\/api.w.org\/{rel}","templated":true}]}}