{"id":16517,"date":"2021-03-24T14:02:22","date_gmt":"2021-03-24T14:02:22","guid":{"rendered":"http:\/\/byromeo.nl\/expertise\/strategie-merk-ontwikkeling\/"},"modified":"2021-06-25T12:48:32","modified_gmt":"2021-06-25T12:48:32","slug":"strategie-merk-ontwikkeling","status":"publish","type":"page","link":"https:\/\/byromeo.nl\/de\/expertise\/strategie-merk-ontwikkeling\/","title":{"rendered":"Strategischer und kreativer Berater"},"content":{"rendered":"<p>[vc_row top_padding=&#8220;60&#8243;][vc_column width=&#8220;1\/1&#8243;]<h1 class=\"headline font-inherit fontsize-xxl fontweight-inherit lh-inherit align-left transform-uppercase \" style=\"margin: 0 0 20px 0; color: #3e7776;\">Strategischer und kreativer Berater<\/h1><div class=\"newdivider align-left\" style=\"border-bottom-style: solid; border-color: #3e7776; border-bottom-width: 3px; margin-top: 0; margin-bottom: 0; width: 25px; \"><\/div><div class=\"clear\"><\/div>[\/vc_column][\/vc_row][vc_row top_padding=&#8220;40&#8243;][vc_column width=&#8220;1\/2&#8243;]<div class=\"single_image wpb_content_element align-left    \" data-animation=\"none\" data-delay=\"0\"><img width=\"1106\" height=\"1106\" src=\"https:\/\/byromeo.nl\/wp-content\/uploads\/2021\/03\/8FC76B34-CF51-4ADA-816B-ED044677416A.jpeg\" class=\"attachment-full\" alt=\"Glee Birmingham\" loading=\"lazy\" srcset=\"https:\/\/byromeo.nl\/wp-content\/uploads\/2021\/03\/8FC76B34-CF51-4ADA-816B-ED044677416A.jpeg 1106w, https:\/\/byromeo.nl\/wp-content\/uploads\/2021\/03\/8FC76B34-CF51-4ADA-816B-ED044677416A-300x300.jpeg 300w, https:\/\/byromeo.nl\/wp-content\/uploads\/2021\/03\/8FC76B34-CF51-4ADA-816B-ED044677416A-1024x1024.jpeg 1024w, https:\/\/byromeo.nl\/wp-content\/uploads\/2021\/03\/8FC76B34-CF51-4ADA-816B-ED044677416A-150x150.jpeg 150w, https:\/\/byromeo.nl\/wp-content\/uploads\/2021\/03\/8FC76B34-CF51-4ADA-816B-ED044677416A-768x768.jpeg 768w, https:\/\/byromeo.nl\/wp-content\/uploads\/2021\/03\/8FC76B34-CF51-4ADA-816B-ED044677416A-80x80.jpeg 80w, https:\/\/byromeo.nl\/wp-content\/uploads\/2021\/03\/8FC76B34-CF51-4ADA-816B-ED044677416A-500x500.jpeg 500w, https:\/\/byromeo.nl\/wp-content\/uploads\/2021\/03\/8FC76B34-CF51-4ADA-816B-ED044677416A-1000x1000.jpeg 1000w\" sizes=\"(max-width: 1106px) 100vw, 1106px\" \/><\/div>[\/vc_column][vc_column width=&#8220;1\/2&#8243;]<h3 class=\"headline font-inherit fontsize-s fontweight-700 lh-inherit align-left transform-inherit \" style=\"margin: 0 0 20px 0; color: #3e7776;\">Strategischer und kreativer Berater<\/h3>[vc_column_text]<span style=\"font-weight: 400;\">Wie k\u00f6nnen Sie neue Kunden erreichen? Neue Kunden in den Laden locken? Wie k\u00f6nnen Sie neue Kunden f\u00fcr Ihre Produkte gewinnen? Romeo sieht messerscharf die Chancen und Herausforderungen, bei denen ein unkonventioneller Denkansatz weiterhilft. Scheuklappen wandern in die Schublade und gemeinsam stecken Sie einen neuen Kurs ab, der speziell auf diese neue Zielgruppe ausgerichtet ist.<\/span>[\/vc_column_text][\/vc_column][\/vc_row][vc_row top_padding=&#8220;60&#8243; bottom_padding=&#8220;40&#8243;][vc_column width=&#8220;1\/4&#8243;]<div class=\"box clearfix style-7 wpb_content_element align-left imageblock\" style=\"padding: 20px 20px 20px 20px;background-image: url(https:\/\/byromeo.nl\/wp-content\/uploads\/2021\/01\/home_1000x1000_kleur2.jpg);min-height: 220px;\"><a href=\"\/expertise\/trends-inspiratie\/\">TRENDWATCHER EN INSPIRATOR<\/a><\/div>[\/vc_column][vc_column width=&#8220;1\/4&#8243;]<div class=\"box clearfix style-7 wpb_content_element align-left imageblock\" style=\"padding: 20px 20px 20px 20px;background-image: url(https:\/\/byromeo.nl\/wp-content\/uploads\/2021\/01\/home_1000x1000_kleur2.jpg);min-height: 220px;\"><a href=\"\/expertise\/workshops-en-demonstraties\/\">WORKSHOPS EN DEMONSTRATIES<\/a><\/div>[\/vc_column][vc_column width=&#8220;1\/4&#8243;]<div class=\"box clearfix style-7 wpb_content_element align-left imageblock\" style=\"padding: 20px 20px 20px 20px;background-image: url(https:\/\/byromeo.nl\/wp-content\/uploads\/2021\/01\/home_1000x1000_kleur2.jpg);min-height: 220px;\"><a href=\"\/expertise\/styling-instore\/\">STYLIST EN INSTORE VERLEIDER<\/a><\/div>[\/vc_column][vc_column width=&#8220;1\/4&#8243;]<div class=\"box clearfix style-7 wpb_content_element align-left imageblock\" style=\"padding: 20px 20px 20px 20px;background-image: url(https:\/\/byromeo.nl\/wp-content\/uploads\/2021\/01\/home_1000x1000_kleur2.jpg);min-height: 220px;\"><a href=\"\/expertise\/creative-director\/\">CREATIVE DIRECTOR<\/a><\/div>[\/vc_column][\/vc_row][vc_row top_padding=&#8220;20&#8243;][vc_column width=&#8220;1\/1&#8243;]<h3 class=\"headline font-inherit fontsize-m fontweight-inherit lh-inherit align-left transform-inherit \" style=\"margin: 0 0 40px 0; color: #3e7776;\">Gerelateerde projecten<\/h3>[\/vc_column][\/vc_row]<\/p>\n","protected":false},"excerpt":{"rendered":"<p>[vc_row top_padding=&#8220;60&#8243;][vc_column width=&#8220;1\/1&#8243;][\/vc_column][\/vc_row][vc_row top_padding=&#8220;40&#8243;][vc_column width=&#8220;1\/2&#8243;][\/vc_column][vc_column width=&#8220;1\/2&#8243;][vc_column_text]Wie k\u00f6nnen Sie neue Kunden erreichen? Neue Kunden in den Laden locken? Wie k\u00f6nnen Sie neue Kunden f\u00fcr Ihre Produkte gewinnen? Romeo sieht messerscharf die Chancen und Herausforderungen, bei denen ein unkonventioneller Denkansatz weiterhilft. Scheuklappen wandern in die Schublade und gemeinsam stecken Sie einen neuen Kurs ab, der speziell auf diese neue Zielgruppe ausgerichtet ist.[\/vc_column_text][\/vc_column][\/vc_row][vc_row top_padding=&#8220;60&#8243; bottom_padding=&#8220;40&#8243;][vc_column width=&#8220;1\/4&#8243;][\/vc_column][vc_column width=&#8220;1\/4&#8243;][\/vc_column][vc_column width=&#8220;1\/4&#8243;][\/vc_column][vc_column width=&#8220;1\/4&#8243;][\/vc_column][\/vc_row][vc_row top_padding=&#8220;20&#8243;][vc_column width=&#8220;1\/1&#8243;][\/vc_column][\/vc_row]<\/p>\n","protected":false},"author":4,"featured_media":0,"parent":16513,"menu_order":10,"comment_status":"closed","ping_status":"closed","template":"","meta":[],"_links":{"self":[{"href":"https:\/\/byromeo.nl\/de\/wp-json\/wp\/v2\/pages\/16517"}],"collection":[{"href":"https:\/\/byromeo.nl\/de\/wp-json\/wp\/v2\/pages"}],"about":[{"href":"https:\/\/byromeo.nl\/de\/wp-json\/wp\/v2\/types\/page"}],"author":[{"embeddable":true,"href":"https:\/\/byromeo.nl\/de\/wp-json\/wp\/v2\/users\/4"}],"replies":[{"embeddable":true,"href":"https:\/\/byromeo.nl\/de\/wp-json\/wp\/v2\/comments?post=16517"}],"version-history":[{"count":2,"href":"https:\/\/byromeo.nl\/de\/wp-json\/wp\/v2\/pages\/16517\/revisions"}],"predecessor-version":[{"id":16615,"href":"https:\/\/byromeo.nl\/de\/wp-json\/wp\/v2\/pages\/16517\/revisions\/16615"}],"up":[{"embeddable":true,"href":"https:\/\/byromeo.nl\/de\/wp-json\/wp\/v2\/pages\/16513"}],"wp:attachment":[{"href":"https:\/\/byromeo.nl\/de\/wp-json\/wp\/v2\/media?parent=16517"}],"curies":[{"name":"wp","href":"https:\/\/api.w.org\/{rel}","templated":true}]}}