{"id":16515,"date":"2021-03-24T14:14:31","date_gmt":"2021-03-24T14:14:31","guid":{"rendered":"http:\/\/byromeo.nl\/expertise\/creative-director\/"},"modified":"2021-06-25T12:48:08","modified_gmt":"2021-06-25T12:48:08","slug":"creative-director","status":"publish","type":"page","link":"https:\/\/byromeo.nl\/de\/expertise\/creative-director\/","title":{"rendered":"Creative director"},"content":{"rendered":"<p>[vc_row top_padding=&#8220;60&#8243;][vc_column width=&#8220;1\/1&#8243;]<h1 class=\"headline font-inherit fontsize-xxl fontweight-inherit lh-inherit align-left transform-uppercase \" style=\"margin: 0 0 20px 0; color: #3e7776;\">Creative director<\/h1><div class=\"newdivider align-left\" style=\"border-bottom-style: solid; border-color: #3e7776; border-bottom-width: 3px; margin-top: 0; margin-bottom: 0; width: 25px; \"><\/div><div class=\"clear\"><\/div>[\/vc_column][\/vc_row][vc_row top_padding=&#8220;40&#8243;][vc_column width=&#8220;1\/2&#8243;]<div class=\"single_image wpb_content_element align-left    \" data-animation=\"none\" data-delay=\"0\"><img width=\"768\" height=\"1024\" src=\"https:\/\/byromeo.nl\/wp-content\/uploads\/2012\/03\/IMG_7082.jpg\" class=\"attachment-full\" alt=\"\" loading=\"lazy\" srcset=\"https:\/\/byromeo.nl\/wp-content\/uploads\/2012\/03\/IMG_7082.jpg 768w, https:\/\/byromeo.nl\/wp-content\/uploads\/2012\/03\/IMG_7082-225x300.jpg 225w\" sizes=\"(max-width: 768px) 100vw, 768px\" \/><\/div>[\/vc_column][vc_column width=&#8220;1\/2&#8243;]<h3 class=\"headline font-inherit fontsize-s fontweight-700 lh-inherit align-left transform-inherit \" style=\"margin: 0 0 20px 0; color: #3e7776;\">Creative director<\/h3>[vc_column_text]<span style=\"font-weight: 400;\">Wie kann man sein Netzwerk inspirieren und in die Zukunft f\u00fchren? Romeo versteht es wie kein anderer, neuen Konzepten und Gedanken mit kommerziellem Erfolg eine B\u00fchne zu geben. Anhand von Pr\u00e4sentationen und Expertenf\u00fchrungen sowie durch die Anregung der Presse, die so weit begeistert wird, dass sie alles mit ihrem Publikum teilen will. Romeo entwickelt einzigartige Ideen, die es der Branche letztlich erm\u00f6glichen, neue Wege zu gehen.<\/span>[\/vc_column_text][\/vc_column][\/vc_row][vc_row top_padding=&#8220;60&#8243; bottom_padding=&#8220;40&#8243;][vc_column width=&#8220;1\/4&#8243;]<div class=\"box clearfix style-7 wpb_content_element align-left imageblock\" style=\"padding: 20px 20px 20px 20px;background-image: url(https:\/\/byromeo.nl\/wp-content\/uploads\/2021\/01\/home_1000x1000_kleur2.jpg);min-height: 220px;\"><a href=\"\/expertise\/trends-inspiratie\/\">TRENDBEOBACHTER UND INSPIRATOR<\/a><\/div>[\/vc_column][vc_column width=&#8220;1\/4&#8243;]<div class=\"box clearfix style-7 wpb_content_element align-left imageblock\" style=\"padding: 20px 20px 20px 20px;background-image: url(https:\/\/byromeo.nl\/wp-content\/uploads\/2021\/01\/home_1000x1000_kleur2.jpg);min-height: 220px;\"><a href=\"\/expertise\/strategie-merk-ontwikkeling\/\">STRATEGISCHER UND KREATIVER BERATER<\/a><\/div>[\/vc_column][vc_column width=&#8220;1\/4&#8243;]<div class=\"box clearfix style-7 wpb_content_element align-left imageblock\" style=\"padding: 20px 20px 20px 20px;background-image: url(https:\/\/byromeo.nl\/wp-content\/uploads\/2021\/01\/home_1000x1000_kleur2.jpg);min-height: 220px;\"><a href=\"\/expertise\/styling-instore\/\">STYLIST UND VERFUHRER IM GESCHAFT<\/a><\/div>[\/vc_column][vc_column width=&#8220;1\/4&#8243;]<div class=\"box clearfix style-7 wpb_content_element align-left imageblock\" style=\"padding: 20px 20px 20px 20px;background-image: url(https:\/\/byromeo.nl\/wp-content\/uploads\/2021\/01\/home_1000x1000_kleur2.jpg);min-height: 220px;\"><a href=\"\/expertise\/workshops-en-demonstraties\/\">WORKSHOPS UND VORFUHNUNGEN<\/a><\/div>[\/vc_column][\/vc_row][vc_row top_padding=&#8220;20&#8243;][vc_column width=&#8220;1\/1&#8243;]<h3 class=\"headline font-inherit fontsize-m fontweight-inherit lh-inherit align-left transform-inherit \" style=\"margin: 0 0 40px 0; color: #3e7776;\">Gerelateerde projecten<\/h3>[\/vc_column][\/vc_row]<\/p>\n","protected":false},"excerpt":{"rendered":"<p>[vc_row top_padding=&#8220;60&#8243;][vc_column width=&#8220;1\/1&#8243;][\/vc_column][\/vc_row][vc_row top_padding=&#8220;40&#8243;][vc_column width=&#8220;1\/2&#8243;][\/vc_column][vc_column width=&#8220;1\/2&#8243;][vc_column_text]Wie kann man sein Netzwerk inspirieren und in die Zukunft f\u00fchren? Romeo versteht es wie kein anderer, neuen Konzepten und Gedanken mit kommerziellem Erfolg eine B\u00fchne zu geben. Anhand von Pr\u00e4sentationen und Expertenf\u00fchrungen sowie durch die Anregung der Presse, die so weit begeistert wird, dass sie alles mit ihrem Publikum teilen will. Romeo entwickelt einzigartige Ideen, die es der Branche letztlich erm\u00f6glichen, neue Wege zu gehen.[\/vc_column_text][\/vc_column][\/vc_row][vc_row top_padding=&#8220;60&#8243; bottom_padding=&#8220;40&#8243;][vc_column width=&#8220;1\/4&#8243;][\/vc_column][vc_column width=&#8220;1\/4&#8243;][\/vc_column][vc_column width=&#8220;1\/4&#8243;][\/vc_column][vc_column width=&#8220;1\/4&#8243;][\/vc_column][\/vc_row][vc_row top_padding=&#8220;20&#8243;][vc_column width=&#8220;1\/1&#8243;][\/vc_column][\/vc_row]<\/p>\n","protected":false},"author":4,"featured_media":0,"parent":16513,"menu_order":10,"comment_status":"closed","ping_status":"closed","template":"","meta":[],"_links":{"self":[{"href":"https:\/\/byromeo.nl\/de\/wp-json\/wp\/v2\/pages\/16515"}],"collection":[{"href":"https:\/\/byromeo.nl\/de\/wp-json\/wp\/v2\/pages"}],"about":[{"href":"https:\/\/byromeo.nl\/de\/wp-json\/wp\/v2\/types\/page"}],"author":[{"embeddable":true,"href":"https:\/\/byromeo.nl\/de\/wp-json\/wp\/v2\/users\/4"}],"replies":[{"embeddable":true,"href":"https:\/\/byromeo.nl\/de\/wp-json\/wp\/v2\/comments?post=16515"}],"version-history":[{"count":3,"href":"https:\/\/byromeo.nl\/de\/wp-json\/wp\/v2\/pages\/16515\/revisions"}],"predecessor-version":[{"id":16618,"href":"https:\/\/byromeo.nl\/de\/wp-json\/wp\/v2\/pages\/16515\/revisions\/16618"}],"up":[{"embeddable":true,"href":"https:\/\/byromeo.nl\/de\/wp-json\/wp\/v2\/pages\/16513"}],"wp:attachment":[{"href":"https:\/\/byromeo.nl\/de\/wp-json\/wp\/v2\/media?parent=16515"}],"curies":[{"name":"wp","href":"https:\/\/api.w.org\/{rel}","templated":true}]}}