{"id":16513,"date":"2021-01-22T17:43:00","date_gmt":"2021-01-22T17:43:00","guid":{"rendered":"http:\/\/byromeo.nl\/expertise\/"},"modified":"2021-06-25T12:48:00","modified_gmt":"2021-06-25T12:48:00","slug":"expertise","status":"publish","type":"page","link":"https:\/\/byromeo.nl\/de\/expertise\/","title":{"rendered":"Expertise"},"content":{"rendered":"<p>[vc_row top_padding=&#8220;60&#8243;][vc_column width=&#8220;1\/1&#8243;]<h1 class=\"headline font-inherit fontsize-xxl fontweight-inherit lh-inherit align-left transform-uppercase \" style=\"margin: 0 0 20px 0; color: #3e7776;\">Expertise<\/h1><div class=\"newdivider align-left\" style=\"border-bottom-style: solid; border-color: #3e7776; border-bottom-width: 3px; margin-top: 0; margin-bottom: 0; width: 25px; \"><\/div><div class=\"clear\"><\/div>[\/vc_column][\/vc_row][vc_row top_padding=&#8220;60&#8243;][vc_column width=&#8220;1\/1&#8243;]<h3 class=\"headline font-inherit fontsize-s fontweight-700 lh-inherit align-left transform-inherit \" style=\"margin: 0 0 20px 0; color: #3e7776;\">Gesch\u00e4ftserfolg steht an erster Stelle<\/h3>[vc_column_text]<span style=\"font-weight: 400;\">Als f\u00fchrender Strategieexperte hat Romeo stets Ihren Gesch\u00e4ftserfolg im Blick. Er wei\u00df, was Menschen anzieht und was sie inspiriert, und damit, was Sie ben\u00f6tigen. Romeo kann engagiert werden als:<\/span>[\/vc_column_text][\/vc_column][\/vc_row][vc_row top_padding=&#8220;60&#8243; bottom_padding=&#8220;40&#8243;][vc_column width=&#8220;1\/4&#8243;]<div class=\"box clearfix style-7 wpb_content_element align-left imageblock\" style=\"padding: 20px 20px 20px 20px;background-image: url(https:\/\/byromeo.nl\/wp-content\/uploads\/2021\/01\/home_1000x1000_kleur2.jpg);min-height: 220px;\"><a href=\"\/expertise\/trends-inspiratie\/\">TRENDBEOBACHTER UND INSPIRATOR<\/a><\/div>[\/vc_column][vc_column width=&#8220;1\/4&#8243;]<div class=\"box clearfix style-7 wpb_content_element align-left imageblock\" style=\"padding: 20px 20px 20px 20px;background-image: url(https:\/\/byromeo.nl\/wp-content\/uploads\/2021\/01\/1000x1000-flower_2a.jpg);min-height: 220px;\"><a href=\"\/expertise\/strategie-merk-ontwikkeling\/\">STRATEGISCHER UND KREATIVER BERATER<\/a><\/div>[\/vc_column][vc_column width=&#8220;1\/4&#8243;]<div class=\"box clearfix style-7 wpb_content_element align-left imageblock\" style=\"padding: 20px 20px 20px 20px;background-image: url(https:\/\/byromeo.nl\/wp-content\/uploads\/2021\/01\/1000x1000-bookings.jpg);min-height: 220px;\"><a href=\"\/expertise\/styling-instore\/\">STYLIST UND VERFUHRER IM GESCHAFT<\/a><\/div>[\/vc_column][vc_column width=&#8220;1\/4&#8243;]<div class=\"box clearfix style-7 wpb_content_element align-left imageblock\" style=\"padding: 20px 20px 20px 20px;background-image: url(https:\/\/byromeo.nl\/wp-content\/uploads\/2021\/01\/home_1000x1000_kleurdiagonaal.jpg);min-height: 220px;\"><a href=\"\/expertise\/creative-director\/\">CREATIVE DIRECTOR<\/a><\/div>[\/vc_column][\/vc_row][vc_row bottom_padding=&#8220;40&#8243;][vc_column width=&#8220;1\/4&#8243;]<div class=\"box clearfix style-7 wpb_content_element align-left imageblock\" style=\"padding: 20px 20px 20px 20px;background-image: url(https:\/\/byromeo.nl\/wp-content\/uploads\/2021\/01\/1000x1000-bookings.jpg);min-height: 220px;\"><a href=\"\/expertise\/workshops-en-demonstraties\/\">WORKSHOPS UND VORFUHRUNGEN<\/a><\/div>[\/vc_column][vc_column width=&#8220;1\/4&#8243;][\/vc_column][vc_column width=&#8220;1\/4&#8243;][\/vc_column][vc_column width=&#8220;1\/4&#8243;][\/vc_column][\/vc_row]<\/p>\n","protected":false},"excerpt":{"rendered":"<p>[vc_row top_padding=&#8220;60&#8243;][vc_column width=&#8220;1\/1&#8243;][\/vc_column][\/vc_row][vc_row top_padding=&#8220;60&#8243;][vc_column width=&#8220;1\/1&#8243;][vc_column_text]Als f\u00fchrender Strategieexperte hat Romeo stets Ihren Gesch\u00e4ftserfolg im Blick. Er wei\u00df, was Menschen anzieht und was sie inspiriert, und damit, was Sie ben\u00f6tigen. Romeo kann engagiert werden als:[\/vc_column_text][\/vc_column][\/vc_row][vc_row top_padding=&#8220;60&#8243; bottom_padding=&#8220;40&#8243;][vc_column width=&#8220;1\/4&#8243;][\/vc_column][vc_column width=&#8220;1\/4&#8243;][\/vc_column][vc_column width=&#8220;1\/4&#8243;][\/vc_column][vc_column width=&#8220;1\/4&#8243;][\/vc_column][\/vc_row][vc_row bottom_padding=&#8220;40&#8243;][vc_column width=&#8220;1\/4&#8243;][\/vc_column][vc_column width=&#8220;1\/4&#8243;][\/vc_column][vc_column width=&#8220;1\/4&#8243;][\/vc_column][vc_column width=&#8220;1\/4&#8243;][\/vc_column][\/vc_row]<\/p>\n","protected":false},"author":4,"featured_media":0,"parent":0,"menu_order":30,"comment_status":"closed","ping_status":"closed","template":"","meta":[],"_links":{"self":[{"href":"https:\/\/byromeo.nl\/de\/wp-json\/wp\/v2\/pages\/16513"}],"collection":[{"href":"https:\/\/byromeo.nl\/de\/wp-json\/wp\/v2\/pages"}],"about":[{"href":"https:\/\/byromeo.nl\/de\/wp-json\/wp\/v2\/types\/page"}],"author":[{"embeddable":true,"href":"https:\/\/byromeo.nl\/de\/wp-json\/wp\/v2\/users\/4"}],"replies":[{"embeddable":true,"href":"https:\/\/byromeo.nl\/de\/wp-json\/wp\/v2\/comments?post=16513"}],"version-history":[{"count":9,"href":"https:\/\/byromeo.nl\/de\/wp-json\/wp\/v2\/pages\/16513\/revisions"}],"predecessor-version":[{"id":16635,"href":"https:\/\/byromeo.nl\/de\/wp-json\/wp\/v2\/pages\/16513\/revisions\/16635"}],"wp:attachment":[{"href":"https:\/\/byromeo.nl\/de\/wp-json\/wp\/v2\/media?parent=16513"}],"curies":[{"name":"wp","href":"https:\/\/api.w.org\/{rel}","templated":true}]}}