{"id":16510,"date":"2021-01-22T17:40:44","date_gmt":"2021-01-22T17:40:44","guid":{"rendered":"http:\/\/byromeo.nl\/over-romeo\/"},"modified":"2021-06-25T12:47:33","modified_gmt":"2021-06-25T12:47:33","slug":"over-romeo","status":"publish","type":"page","link":"https:\/\/byromeo.nl\/de\/over-romeo\/","title":{"rendered":"\u00dcber Romeo"},"content":{"rendered":"<p>[vc_row][vc_column bg_image=&#8220;15581&#8243; width=&#8220;1\/1&#8243;]<div class=\"minti_boxedholder   clearfix\" style=\"padding: 40px 40px 40px 40px; margin: 0px 0px 0px 0px; \"><h1 class=\"headline font-inherit fontsize-xxxl fontweight-500 lh-inherit align-left transform-uppercase \" style=\"margin: 0 0 20px 0; color: #ffffff;\">\u00dcber Romeo<\/h1><div class=\"newdivider align-left\" style=\"border-bottom-style: solid; border-color: #ffffff; border-bottom-width: 4px; margin-top: 0; margin-bottom: 0; width: 30px; \"><\/div><div class=\"clear\"><\/div><div class=\"spacer\" style=\"height: 300px;\"><\/div><\/div>[\/vc_column][\/vc_row][vc_row top_padding=&#8220;60&#8243;][vc_column width=&#8220;1\/3&#8243;]<h3 class=\"headline font-inherit fontsize-s fontweight-700 lh-inherit align-left transform-inherit \" style=\"margin: 0 0 20px 0; color: #3e7776;\">Kreativer (Unternehmens-)Berater und Inspirator<\/h3>[vc_column_text]<span style=\"font-weight: 400;\">Romeo Sommers. Als kreativer Unternehmensberater und Inspirator reist er um die Welt, um Unternehmen mit seiner unkonventionellen Denk- und Arbeitsweise einen innovativen (gr\u00fcnen) Erfolgsschub zu geben.<\/span><\/p>\n<p><span style=\"font-weight: 400;\">Veranstalter von Messen und Events, aber auch Z\u00fcchter, Produzenten und Einzelhandel(sketten) in der gr\u00fcnen Branche wissen, wo sie Romeo finden k\u00f6nnen, wenn es an der Zeit ist, eine neue Richtung einzuschlagen. Denn durch Romeo erkennen sie, dass Gr\u00fcn keinesfalls an Ausstrahlung verliert, sondern stets mehr an Attraktivit\u00e4t gewinnt. Wenn es auf inspirierende Weise eingesetzt wird. Und genau darin liegt die St\u00e4rke von Romeo und k\u00f6nnen auch Sie Erfolg finden. Das hat er mittlerweile international bewiesen.<\/span>[\/vc_column_text][\/vc_column][vc_column width=&#8220;1\/3&#8243;]<h3 class=\"headline font-inherit fontsize-s fontweight-700 lh-inherit align-left transform-inherit \" style=\"margin: 0 0 20px 0; color: #3e7776;\">Green your day<\/h3>[vc_column_text]<span style=\"font-weight: 400;\">Mit seiner eigenen, einzigartigen Online-Plattform <a href=\"https:\/\/byromeo.nl\/portfolio\/green-your-day\/\">Green Your Day<\/a> erreicht Romeo mehr als 25.000 Menschen im Monat, die er immer wieder dazu inspiriert, ihr Zuhause mit Blumen und Pflanzen sch\u00f6ner zu gestalten.<\/span><\/p>\n<p><span style=\"font-weight: 400;\">Jeder hat einen gr\u00fcnen Daumen.<\/span><\/p>\n<p><span style=\"font-weight: 400;\">Und wenn die gr\u00fcnen Daumen inspiriert ans Werk gehen, erbl\u00fcht auch das Land aufs Neue. Im Einklang mit der Mission von Romeo.<\/span>[\/vc_column_text][\/vc_column][vc_column el_class=&#8220;hide&#8220; width=&#8220;1\/3&#8243;]<div class=\"minti_boxedholder  color-light clearfix\" style=\"padding: 40px 40px 40px 40px; margin: 0px 0px 0px 0px; background-color: #3e7776; \"><div class=\"testimonial-slider-wrap wpb_content_element\"><div class=\"testimonial-slide\">TESTIMONIAL KLANT LOREM IPSUM<span>&#45; Afzender 1<\/span><\/div><div class=\"testimonial-slide\">TESTIMONIAL KLANT LOREM IPSUM<span>&#45; Afzender 2<\/span><\/div><div class=\"testimonial-slide\">TESTIMONIAL KLANT LOREM IPSUM<span>&#45; Afzender 3<\/span><\/div><\/div><\/div>[\/vc_column][\/vc_row][vc_row top_padding=&#8220;60&#8243;][vc_column width=&#8220;1\/3&#8243;]<h3 class=\"headline font-inherit fontsize-s fontweight-700 lh-inherit align-left transform-inherit \" style=\"margin: 0 0 20px 0; color: #3e7776;\">Die St\u00e4rke des Gr\u00fcns<\/h3>[vc_column_text]<span style=\"font-weight: 400;\">Gr\u00fcn gibt Energie. Gr\u00fcn ist Sauerstoff. Und Gr\u00fcn zieht die Menschen an. Nicht nur innerhalb der gr\u00fcnen Branche: immer mehr andere Sektoren entdecken die Kraft von Gr\u00fcn und nutzen sie. Gr\u00fcn spielt eine immer gr\u00f6\u00dfere Rolle, nicht nur national, sondern auch international. Dies nachdr\u00fccklich in Ihrem Unternehmen zum Ausdruck zu bringen ist essentiell: Darin liegt Ihr Erfolg. Und <a href=\"\/expertise\/\">Romeo\u2019s expertise<\/a>.<\/span>[\/vc_column_text][\/vc_column][vc_column width=&#8220;1\/3&#8243;]<h3 class=\"headline font-inherit fontsize-s fontweight-700 lh-inherit align-left transform-inherit \" style=\"margin: 0 0 20px 0; color: #3e7776;\">Wo alles begann &#8230;<\/h3>[vc_column_text]<span style=\"font-weight: 400;\">Als Kind sah er eine Karriere in der Modebranche vor sich. Aber die Dinge entwickelten sich anders. Der Gem\u00fcsegarten des Nachbarn faszinierte Romeo schon als Kind. Da begann die Liebe zum Gr\u00fcn. Diese Liebe, gepaart mit einem unb\u00e4ndig kreativen Geist und der F\u00e4higkeit, \u00fcber den Tellerrand zu schauen und neue Wege zu beschreiten, bilden die Basis f\u00fcr die Erfolge, die Romeo mit seinen Kunden erzielt.<\/span>[\/vc_column_text][\/vc_column][vc_column width=&#8220;1\/3&#8243;]<h3 class=\"headline font-inherit fontsize-s fontweight-700 lh-inherit align-left transform-inherit \" style=\"margin: 0 0 20px 0; color: #3e7776;\">TV<\/h3>[vc_column_text]<span style=\"font-weight: 400;\">Als Trendbeobachter und bekannter TV-Moderator (\u201eDe Tuinruimers\u201c mit Rob Verlinde bei SBS6 und \u201eKoffietijd\u201c auf RTL 4) h\u00e4lt Romeo regelm\u00e4\u00dfig Vortr\u00e4ge, Workshops und Demonstrationen. Man sieht ihn aber auch als Gast in verschiedenen Nachrichtensendungen, wenn es um Wohn- und Lifestyle-Trends geht.<\/span><\/p>\n<p><span style=\"font-weight: 400;\">In dem Programm \u201eKoffietijd\u201c ist er ein fester Experte im Team. Jede Woche inspiriert er das Fernsehpublikum, sich mit Blumen und Pflanzen zu besch\u00e4ftigen.<\/span>[\/vc_column_text][\/vc_column][\/vc_row][vc_row top_padding=&#8220;60&#8243; bottom_padding=&#8220;40&#8243;][vc_column width=&#8220;1\/3&#8243;]<div class=\"box clearfix style-7 wpb_content_element align-left imageblock\" style=\"padding: 40px 40px 40px 40px;background-image: url(https:\/\/byromeo.nl\/wp-content\/uploads\/2021\/01\/1000x1000-flower_2a.jpg);min-height: 280px;\"><a href=\"\/expertise\/\">EXPERTISES<\/a><\/div>[\/vc_column][vc_column width=&#8220;1\/3&#8243;]<div class=\"box clearfix style-7 wpb_content_element align-left imageblock\" style=\"padding: 40px 40px 40px 40px;background-image: url(https:\/\/byromeo.nl\/wp-content\/uploads\/2021\/01\/1000x1000-projecten.jpg);min-height: 280px;\"><a href=\"\/portfolio\/\">PROJEKTE<\/a><\/div>[\/vc_column][vc_column width=&#8220;1\/3&#8243;]<div class=\"box clearfix style-7 wpb_content_element align-left imageblock\" style=\"padding: 40px 40px 40px 40px;background-image: url(https:\/\/byromeo.nl\/wp-content\/uploads\/2021\/01\/1000x1000-bookings.jpg);min-height: 280px;\"><a href=\"\/contact\/\">BOOKINGS<\/a><\/div>[\/vc_column][\/vc_row]<\/p>\n","protected":false},"excerpt":{"rendered":"<p>[vc_row][vc_column bg_image=&#8220;15581&#8243; width=&#8220;1\/1&#8243;][\/vc_column][\/vc_row][vc_row top_padding=&#8220;60&#8243;][vc_column width=&#8220;1\/3&#8243;][vc_column_text]Romeo Sommers. Als kreativer Unternehmensberater und Inspirator reist er um die Welt, um Unternehmen mit seiner unkonventionellen Denk- und Arbeitsweise einen innovativen (gr\u00fcnen) Erfolgsschub zu geben. Veranstalter von Messen und Events, aber auch Z\u00fcchter, Produzenten und Einzelhandel(sketten) in der gr\u00fcnen Branche wissen, wo sie Romeo finden k\u00f6nnen, wenn es an der Zeit ist, eine neue Richtung einzuschlagen. Denn durch Romeo erkennen sie, dass Gr\u00fcn keinesfalls an Ausstrahlung verliert, sondern stets mehr an Attraktivit\u00e4t gewinnt. Wenn es auf inspirierende Weise eingesetzt wird. Und genau darin liegt die St\u00e4rke von Romeo und k\u00f6nnen auch Sie Erfolg finden. Das hat er mittlerweile international bewiesen.[\/vc_column_text][\/vc_column][vc_column width=&#8220;1\/3&#8243;][vc_column_text]Mit seiner eigenen, einzigartigen Online-Plattform Green Your Day erreicht Romeo mehr als 25.000 Menschen im Monat, die er immer wieder dazu inspiriert, ihr Zuhause mit Blumen und Pflanzen sch\u00f6ner zu gestalten. Jeder hat einen gr\u00fcnen Daumen. Und wenn die gr\u00fcnen Daumen inspiriert ans Werk gehen, erbl\u00fcht auch das Land aufs Neue. Im Einklang mit der Mission von Romeo.[\/vc_column_text][\/vc_column][vc_column el_class=&#8220;hide&#8220; width=&#8220;1\/3&#8243;][\/vc_column][\/vc_row][vc_row top_padding=&#8220;60&#8243;][vc_column width=&#8220;1\/3&#8243;][vc_column_text]Gr\u00fcn gibt Energie. Gr\u00fcn ist Sauerstoff. Und Gr\u00fcn zieht die Menschen an. Nicht nur innerhalb der gr\u00fcnen Branche: immer mehr andere Sektoren entdecken die Kraft von Gr\u00fcn und nutzen sie. Gr\u00fcn spielt eine immer [&hellip;]<\/p>\n","protected":false},"author":4,"featured_media":0,"parent":0,"menu_order":20,"comment_status":"closed","ping_status":"closed","template":"","meta":[],"_links":{"self":[{"href":"https:\/\/byromeo.nl\/de\/wp-json\/wp\/v2\/pages\/16510"}],"collection":[{"href":"https:\/\/byromeo.nl\/de\/wp-json\/wp\/v2\/pages"}],"about":[{"href":"https:\/\/byromeo.nl\/de\/wp-json\/wp\/v2\/types\/page"}],"author":[{"embeddable":true,"href":"https:\/\/byromeo.nl\/de\/wp-json\/wp\/v2\/users\/4"}],"replies":[{"embeddable":true,"href":"https:\/\/byromeo.nl\/de\/wp-json\/wp\/v2\/comments?post=16510"}],"version-history":[{"count":6,"href":"https:\/\/byromeo.nl\/de\/wp-json\/wp\/v2\/pages\/16510\/revisions"}],"predecessor-version":[{"id":16629,"href":"https:\/\/byromeo.nl\/de\/wp-json\/wp\/v2\/pages\/16510\/revisions\/16629"}],"wp:attachment":[{"href":"https:\/\/byromeo.nl\/de\/wp-json\/wp\/v2\/media?parent=16510"}],"curies":[{"name":"wp","href":"https:\/\/api.w.org\/{rel}","templated":true}]}}