{"id":16505,"date":"2015-11-27T10:57:36","date_gmt":"2015-11-27T10:57:36","guid":{"rendered":"http:\/\/byromeo.nl\/home-masonry\/"},"modified":"2021-06-25T12:45:46","modified_gmt":"2021-06-25T12:45:46","slug":"byromeo","status":"publish","type":"page","link":"https:\/\/byromeo.nl\/de\/","title":{"rendered":"Home"},"content":{"rendered":"<p>[vc_row text_color=&#8220;light&#8220; top_padding=&#8220;40&#8243; bottom_padding=&#8220;40&#8243;][vc_column text_color=&#8220;light&#8220; width=&#8220;1\/1&#8243;]<div class=\"minti_masonrygrid  clearfix\"><div class=\"grid-sizer\"><\/div><div class=\"minti_masonrygrid_item masonry_text masonry_sb\"><div class=\"minti_masonrygrid_item_wrap\"><div class=\"minti_masonrygrid_item_inner\"><div class=\"minti_masonrygrid_item_cell\"><h4 class=\"font-special\">WER IST ROMEO SOMMERS?<\/h4><div class=\"divider\"><\/div><div class=\"minti_masonrygrid_text\"><span style=\"font-weight: 400;\">Als kreativer Unternehmensberater und Inspirator reist Romeo um die Welt, um Unternehmen mit seiner unkonventionellen Denk- und Arbeitsweise einen innovativen (gr\u00fcnen) Erfolgsschub zu geben. Er wird Ihr Projekt zum Erfolg f\u00fchren. Und als Trendbeobachter und bekannter TV-Moderator (z.B. RTL 4 \u201eKoffietijd\u201c) h\u00e4lt Romeo regelm\u00e4\u00dfig Vortr\u00e4ge, Workshops und Demonstrationen.<\/span><\/p>\n<p><a class=\"button color-7 medium \" style=\"border-radius: 2px;\" href=\"\/over-romeo\/\" target=\"_self\" rel=\"noopener\">Lees meer<\/a><\/div><\/div><\/div><\/div><\/div><div class=\"minti_masonrygrid_item masonry_image masonry_rp\"><a href=\"\/over-romeo\/\" target=\"_self\"><div class=\"minti_masonrygrid_item_wrap\"><div class=\"minti_masonrygrid_item_inner\" style=\"background-image: url(https:\/\/byromeo.nl\/wp-content\/uploads\/2021\/01\/home_2063x1000_Romeo-500x1000.jpg);\"><\/div><\/div><\/a><\/div><div class=\"minti_masonrygrid_item masonry_icon masonry_ss\"><a href=\"\/over-romeo\" target=\"_self\"><div class=\"minti_masonrygrid_item_wrap\"><div class=\"minti_masonrygrid_item_inner\"><div class=\"minti_masonrygrid_item_cell\"><i class=\"fa \"><\/i><h4 class=\"font-special\">GREEN YOUR DAY<\/h4><div class=\"minti_masonrygrid_subtitle\">Eine popul\u00e4re Inspirationsplattform, auf der Romeo Verbrauchern zeigt, was sie mit Blumen und Pflanzen kreieren k\u00f6nnen<\/div><\/div><\/div><\/div><\/a><\/div><div class=\"minti_masonrygrid_item masonry_image masonry_ss\"><div class=\"minti_masonrygrid_item_wrap\"><div class=\"minti_masonrygrid_item_inner\" style=\"background-image: url(https:\/\/byromeo.nl\/wp-content\/uploads\/2021\/01\/home_1000x1000_LOGO_new-500x500.jpg);\"><\/div><\/div><\/div><div class=\"minti_masonrygrid_item masonry_image masonry_ss\"><div class=\"minti_masonrygrid_item_wrap\"><div class=\"minti_masonrygrid_item_inner\" style=\"background-image: url(https:\/\/byromeo.nl\/wp-content\/uploads\/2021\/01\/1000x1000-flower_2-500x500.jpg);\"><\/div><\/div><\/div><div class=\"minti_masonrygrid_item masonry_icon masonry_ss\"><a href=\"\/portfolio\/\" target=\"_self\"><div class=\"minti_masonrygrid_item_wrap\"><div class=\"minti_masonrygrid_item_inner\"><div class=\"minti_masonrygrid_item_cell\"><i class=\"fa sl-users\"><\/i><h4 class=\"font-special\">PROJEKTE<\/h4><\/div><\/div><\/div><\/a><\/div><div class=\"minti_masonrygrid_item masonry_image masonry_ss\"><div class=\"minti_masonrygrid_item_wrap\"><div class=\"minti_masonrygrid_item_inner\" style=\"background-image: url(https:\/\/byromeo.nl\/wp-content\/uploads\/2021\/01\/home_1000x1000_flower_1-500x500.jpg);\"><\/div><\/div><\/div><div class=\"minti_masonrygrid_item masonry_image masonry_rp\"><div class=\"minti_masonrygrid_item_wrap\"><div class=\"minti_masonrygrid_item_inner\" style=\"background-image: url(https:\/\/byromeo.nl\/wp-content\/uploads\/2021\/01\/home_1000x2063_flower_3-500x1000.jpg);\"><\/div><\/div><\/div><div class=\"minti_masonrygrid_item masonry_icon masonry_ss\"><a href=\"\/contact\/\" target=\"_self\"><div class=\"minti_masonrygrid_item_wrap\"><div class=\"minti_masonrygrid_item_inner\"><div class=\"minti_masonrygrid_item_cell\"><i class=\"fa sl-envelope-open\"><\/i><h4 class=\"font-special\">KONTAKT<\/h4><\/div><\/div><\/div><\/a><\/div><div class=\"minti_masonrygrid_item masonry_image masonry_rl\"><a href=\"\/portfolio\/\" target=\"_self\"><div class=\"minti_masonrygrid_item_wrap\"><div class=\"minti_masonrygrid_item_inner\" style=\"background-image: url(https:\/\/byromeo.nl\/wp-content\/uploads\/2021\/03\/IMG_9208-1000x500.jpeg);\"><\/div><\/div><\/a><\/div><\/div>[\/vc_column][\/vc_row]<\/p>\n","protected":false},"excerpt":{"rendered":"<p>[vc_row text_color=&#8220;light&#8220; top_padding=&#8220;40&#8243; bottom_padding=&#8220;40&#8243;][vc_column text_color=&#8220;light&#8220; width=&#8220;1\/1&#8243;][\/vc_column][\/vc_row]<\/p>\n","protected":false},"author":4,"featured_media":0,"parent":0,"menu_order":10,"comment_status":"closed","ping_status":"closed","template":"","meta":[],"_links":{"self":[{"href":"https:\/\/byromeo.nl\/de\/wp-json\/wp\/v2\/pages\/16505"}],"collection":[{"href":"https:\/\/byromeo.nl\/de\/wp-json\/wp\/v2\/pages"}],"about":[{"href":"https:\/\/byromeo.nl\/de\/wp-json\/wp\/v2\/types\/page"}],"author":[{"embeddable":true,"href":"https:\/\/byromeo.nl\/de\/wp-json\/wp\/v2\/users\/4"}],"replies":[{"embeddable":true,"href":"https:\/\/byromeo.nl\/de\/wp-json\/wp\/v2\/comments?post=16505"}],"version-history":[{"count":3,"href":"https:\/\/byromeo.nl\/de\/wp-json\/wp\/v2\/pages\/16505\/revisions"}],"predecessor-version":[{"id":16605,"href":"https:\/\/byromeo.nl\/de\/wp-json\/wp\/v2\/pages\/16505\/revisions\/16605"}],"wp:attachment":[{"href":"https:\/\/byromeo.nl\/de\/wp-json\/wp\/v2\/media?parent=16505"}],"curies":[{"name":"wp","href":"https:\/\/api.w.org\/{rel}","templated":true}]}}